{"id":3,"date":"2022-01-31T23:05:05","date_gmt":"2022-01-31T23:05:05","guid":{"rendered":"https:\/\/istanbulhairinstitute.com\/?page_id=3"},"modified":"2025-04-07T13:30:35","modified_gmt":"2025-04-07T13:30:35","slug":"datenschutzbestimmungen","status":"publish","type":"page","link":"https:\/\/istanbulhairinstitute.com\/de\/datenschutzbestimmungen\/","title":{"rendered":"Datenschutz"},"content":{"rendered":"<div data-elementor-type=\"wp-page\" data-elementor-id=\"3\" class=\"elementor elementor-3\" data-elementor-post-type=\"page\">\n\t\t\t\t\t\t<section class=\"elementor-section elementor-top-section elementor-element elementor-element-69d13aa elementor-section-boxed elementor-section-height-default elementor-section-height-default\" data-id=\"69d13aa\" data-element_type=\"section\" data-e-type=\"section\">\n\t\t\t\t\t\t<div class=\"elementor-container elementor-column-gap-default\">\n\t\t\t\t\t<div class=\"elementor-column elementor-col-100 elementor-top-column elementor-element elementor-element-7e27a2bd\" data-id=\"7e27a2bd\" data-element_type=\"column\" data-e-type=\"column\">\n\t\t\t<div class=\"elementor-widget-wrap elementor-element-populated\">\n\t\t\t\t\t\t<div class=\"elementor-element elementor-element-fb93eca elementor-widget elementor-widget-heading\" data-id=\"fb93eca\" data-element_type=\"widget\" data-e-type=\"widget\" data-widget_type=\"heading.default\">\n\t\t\t\t<div class=\"elementor-widget-container\">\n\t\t\t\t\t<h1 class=\"elementor-heading-title elementor-size-default\">Datenschutz<\/h1>\t\t\t\t<\/div>\n\t\t\t\t<\/div>\n\t\t\t\t<div class=\"elementor-element elementor-element-414e1bc9 elementor-widget elementor-widget-text-editor\" data-id=\"414e1bc9\" data-element_type=\"widget\" data-e-type=\"widget\" data-widget_type=\"text-editor.default\">\n\t\t\t\t<div class=\"elementor-widget-container\">\n\t\t\t\t\t\t\t\t\t<p>Wir sammeln Informationen direkt von Ihnen auf verschiedene Weise. Eine M\u00f6glichkeit ist die Verwendung von Cookies. Cookies sind kleine Informationsdateien, die Informationen \u00fcber Ihren Besuch auf unserer Website speichern und abrufen, z. B. wie Sie unsere Website betreten haben, wie Sie durch die Website navigiert haben und welche Informationen f\u00fcr Sie von Interesse waren. Wenn Sie die Homepage anpassen, speichern wir au\u00dferdem die Informationen, die Sie uns geben, in einem Cookie. Die von uns verwendeten Cookies identifizieren Sie lediglich als eine Nummer. (Wenn Sie mit der Verwendung von Cookies nicht einverstanden sind, k\u00f6nnen Sie die Cookies auf Ihrem Computer deaktivieren, indem Sie die Einstellungen im Voreinstellungs- oder Optionsmen\u00fc Ihres Internetbrowsers \u00e4ndern). Wir sammeln auch Informationen, wenn Sie uns diese zur Verf\u00fcgung stellen. Sie k\u00f6nnen zum Beispiel den Link \"Kontakt\" verwenden. Wenn wir diese Art von Informationen sammeln, k\u00f6nnen sie f\u00fcr Marketingzwecke des Istanbul Hair Institute verwendet werden. Bei den Social-Media-Bookmarking-Seiten, zu denen die Website des Istanbul Hair Institute verlinkt, handelt es sich um Seiten Dritter, und die Website des Istanbul Hair Institute hat keine Kontrolle \u00fcber die Art und Weise, wie diese Seiten Ihre Daten verwenden. Wenn Sie sich daf\u00fcr entscheiden, \u00fcber die angegebenen Links auf diese Seiten zuzugreifen, k\u00f6nnen die Betreiber dieser Seiten Informationen von Ihnen sammeln, die von ihnen in \u00dcbereinstimmung mit ihren Datenschutzrichtlinien verwendet werden k\u00f6nnen, die sich von den unseren unterscheiden k\u00f6nnen. Sie sollten die jeweiligen Datenschutzrichtlinien sorgf\u00e4ltig lesen, um herauszufinden, was mit den Informationen geschieht, die von diesen Diensten erfasst werden, wenn Sie sie nutzen.<\/p>\t\t\t\t\t\t\t\t<\/div>\n\t\t\t\t<\/div>\n\t\t\t\t<div class=\"elementor-element elementor-element-4b1e3a9 elementor-widget elementor-widget-heading\" data-id=\"4b1e3a9\" data-element_type=\"widget\" data-e-type=\"widget\" data-widget_type=\"heading.default\">\n\t\t\t\t<div class=\"elementor-widget-container\">\n\t\t\t\t\t<h3 class=\"elementor-heading-title elementor-size-default\">Konformit\u00e4t mit Rechtsvorschriften und ethischen Anforderungen<\/h3>\t\t\t\t<\/div>\n\t\t\t\t<\/div>\n\t\t\t\t<div class=\"elementor-element elementor-element-f63927a elementor-widget elementor-widget-text-editor\" data-id=\"f63927a\" data-element_type=\"widget\" data-e-type=\"widget\" data-widget_type=\"text-editor.default\">\n\t\t\t\t<div class=\"elementor-widget-container\">\n\t\t\t\t\t\t\t\t\t<p>Auf unserer Website arbeiten wir st\u00e4ndig daran, sicherzustellen, dass die Informationen, die wir ver\u00f6ffentlichen, den geltenden t\u00fcrkischen und europ\u00e4ischen Rechtsvorschriften entsprechen. Die Entscheidung \u00fcber die Ver\u00f6ffentlichung wird nach einer gemeinsamen Bewertung der Sensibilit\u00e4t der Informationen sowie ihres Kontextes, des Zwecks und der m\u00f6glichen Verbreitung getroffen. Manchmal ist es schwierig, zwischen den Bed\u00fcrfnissen und der Privatsph\u00e4re des Einzelnen und den Interessen der Allgemeinheit an der Ver\u00f6ffentlichung der Informationen abzuw\u00e4gen.<\/p>\t\t\t\t\t\t\t\t<\/div>\n\t\t\t\t<\/div>\n\t\t\t\t<div class=\"elementor-element elementor-element-a105fb8 elementor-widget elementor-widget-heading\" data-id=\"a105fb8\" data-element_type=\"widget\" data-e-type=\"widget\" data-widget_type=\"heading.default\">\n\t\t\t\t<div class=\"elementor-widget-container\">\n\t\t\t\t\t<h3 class=\"elementor-heading-title elementor-size-default\">Zustimmung zur Ver\u00f6ffentlichung<\/h3>\t\t\t\t<\/div>\n\t\t\t\t<\/div>\n\t\t\t\t<div class=\"elementor-element elementor-element-cb49a40 elementor-widget elementor-widget-text-editor\" data-id=\"cb49a40\" data-element_type=\"widget\" data-e-type=\"widget\" data-widget_type=\"text-editor.default\">\n\t\t\t\t<div class=\"elementor-widget-container\">\n\t\t\t\t\t\t\t\t\t<p>Name, Position, Telefonnummer, E-Mail und \u00e4hnliche berufsbezogene personenbezogene Daten k\u00f6nnen normalerweise auf einer Website ohne die Zustimmung der registrierten Person ver\u00f6ffentlicht werden.<\/p>\t\t\t\t\t\t\t\t<\/div>\n\t\t\t\t<\/div>\n\t\t\t\t<div class=\"elementor-element elementor-element-815e615 elementor-widget elementor-widget-heading\" data-id=\"815e615\" data-element_type=\"widget\" data-e-type=\"widget\" data-widget_type=\"heading.default\">\n\t\t\t\t<div class=\"elementor-widget-container\">\n\t\t\t\t\t<h3 class=\"elementor-heading-title elementor-size-default\">Fotos im Internet<\/h3>\t\t\t\t<\/div>\n\t\t\t\t<\/div>\n\t\t\t\t<div class=\"elementor-element elementor-element-d783801 elementor-widget elementor-widget-text-editor\" data-id=\"d783801\" data-element_type=\"widget\" data-e-type=\"widget\" data-widget_type=\"text-editor.default\">\n\t\t\t\t<div class=\"elementor-widget-container\">\n\t\t\t\t\t\t\t\t\t<p>Normalerweise werden Fotos, auf denen Personen zu sehen sind, als personenbezogene Daten betrachtet, auch wenn sie im Zusammenhang mit der Ver\u00f6ffentlichung des Fotos nicht genannt werden. Im Istanbul Hair Institute\/ Dr. Handan Koksal Clinic holen wir immer die Zustimmung der Personen ein, die mit der Absicht fotografiert werden, auf unserer Website ver\u00f6ffentlicht zu werden.<\/p>\t\t\t\t\t\t\t\t<\/div>\n\t\t\t\t<\/div>\n\t\t\t\t<div class=\"elementor-element elementor-element-0674ae4 elementor-widget elementor-widget-heading\" data-id=\"0674ae4\" data-element_type=\"widget\" data-e-type=\"widget\" data-widget_type=\"heading.default\">\n\t\t\t\t<div class=\"elementor-widget-container\">\n\t\t\t\t\t<h3 class=\"elementor-heading-title elementor-size-default\">Formular zur Offenlegung und Einwilligung in die Verarbeitung personenbezogener Daten<\/h3>\t\t\t\t<\/div>\n\t\t\t\t<\/div>\n\t\t\t\t<div class=\"elementor-element elementor-element-f8e53f4 elementor-widget elementor-widget-text-editor\" data-id=\"f8e53f4\" data-element_type=\"widget\" data-e-type=\"widget\" data-widget_type=\"text-editor.default\">\n\t\t\t\t<div class=\"elementor-widget-container\">\n\t\t\t\t\t\t\t\t\t<p>In dieser Pr\u00e4sentation des Gesundheitswesens verarbeiten wir Ihre personenbezogenen Daten und Ihre Einwilligung gem\u00e4\u00df dem Gesetz \u00fcber den Schutz personenbezogener Daten (Gesetz) Nr. 6698 als Poliklinik Dr. Handan K\u00f6ksal (\u0130mstc Medical Support Training and Organization Ltd. \u015eti.) Der Umfang der Verarbeitung personenbezogener Daten ist die Erfassung, Verarbeitung, Speicherung, Aktualisierung und Weitergabe von Daten an Dritte, soweit dies durch die Gesetzgebung erlaubt ist, und wir m\u00f6chten Sie \u00fcber unsere gegenseitigen Rechte und Pflichten gem\u00e4\u00df der Gesetzgebung informieren:<\/p><ol><li><p>Alle Ihre pers\u00f6nlichen Daten, einschlie\u00dflich Ihrer Gesundheitsdaten (Identit\u00e4tsangaben, Telefon, Adresse, Versicherungsnummer, Krankheiten und \u00e4hnliche Daten), sind f\u00fcr die Vertragserstellung, den Schutz der \u00f6ffentlichen Gesundheit, die Pr\u00e4ventivmedizin, die medizinische Diagnose, die Behandlung und die Pflegedienste, die Gesundheitsdienste und die Planung der Finanzierung und deren Verwaltung erforderlich; um Sie \u00fcber den Termin zu informieren, wenn Sie einen Termin vereinbaren; um gesetzliche und regulatorische Anforderungen zu erf\u00fcllen; um unsere Dienstleistungen in Rechnung zu stellen; um Ihre Identit\u00e4t zu best\u00e4tigen; Weitergabe der angeforderten Informationen an das Gesundheitsministerium und andere \u00f6ffentliche Einrichtungen und Organisationen in \u00dcbereinstimmung mit den einschl\u00e4gigen Rechtsvorschriften; Weitergabe der angeforderten Informationen an private Versicherungsgesellschaften im Rahmen der Finanzierung von Gesundheitsdienstleistungen; um alle Ihre Fragen und Beschwerden \u00fcber unsere Gesundheitsdienstleistungen beantworten zu k\u00f6nnen; Ergreifung aller erforderlichen technischen und administrativen Ma\u00dfnahmen im Rahmen der Datensicherheit von Systemen und Anwendungen; kann f\u00fcr Forschungszwecke und \u00e4hnliche Zwecke verarbeitet werden. Die Verarbeitung Ihrer personenbezogenen Daten erfolgt unter Beachtung der Datenverarbeitungs- und Verj\u00e4hrungsfristen in den gesetzlichen Vorschriften \u00fcber die Erbringung von Gesundheitsdienstleistungen.<\/p><\/li><li>Ihre personenbezogenen Daten k\u00f6nnen m\u00fcndlich, schriftlich oder elektronisch \u00fcber die Website, soziale Medien, Callcenter, mobile Anwendungen und \u00e4hnliche Mittel erhoben und sowohl in einer digitalen als auch in einer physischen Umgebung gespeichert werden.<\/li><li>Die von Ihnen erhobenen personenbezogenen Daten werden gem\u00e4\u00df den vom Gesetz festgelegten Grunds\u00e4tzen und im Rahmen der in den Artikeln 8 und 9 des Gesetzes festgelegten Bedingungen und Zwecke der Verarbeitung personenbezogener Daten und zu den oben genannten Zwecken von unserer Poliklinik, dem Gesundheitsministerium, seinen Untereinheiten und den Zentren f\u00fcr Familienmedizin, den privaten Versicherungsgesellschaften (Krankenkassen). Renten- und Lebensversicherungen, etc.), die Sozialversicherungsanstalt, die Generaldirektion f\u00fcr Sicherheit und andere Strafverfolgungsbeh\u00f6rden, die Generaldirektion f\u00fcr Bev\u00f6lkerung, die t\u00fcrkische Apothekervereinigung, die Staatsanwaltschaft und die Gerichte, die Labors im In- und Ausland, mit denen wir f\u00fcr die medizinische Diagnose zusammenarbeiten, die medizinischen Zentren und Dritte, die Gesundheitsdienstleistungen erbringen, die Gesundheitseinrichtung, an die der Patient \u00fcberwiesen wird oder die der Patient selbst beantragt hat, Ihre ordnungsgem\u00e4\u00df bevollm\u00e4chtigten Vertreter, Dritte, von denen wir Beratung erhalten, Regulierungs- und Aufsichtsinstitutionen und offizielle Beh\u00f6rden, unsere Lieferanten, deren Dienstleistungen wir in Anspruch nehmen oder mit denen wir zusammenarbeiten. Sie k\u00f6nnen im Rahmen der Bedingungen und Zwecke der Verarbeitung personenbezogener Daten, die in den Artikeln 8 und 9 des Gesetzes festgelegt sind, an unsere Anfragedienstleister weitergegeben werden.<\/li><li>\u00a0In unserer Poliklinik werden angemessene und notwendige technische und verwaltungstechnische Ma\u00dfnahmen ergriffen, um Ihre personenbezogenen Daten, die bei der Erbringung von Gesundheitsdienstleistungen verarbeitet werden, im Einklang mit den Datenschutzvorschriften zu sch\u00fctzen.<\/li><li>Bez\u00fcglich Ihrer verarbeiteten personenbezogenen Daten; zu erfahren, ob personenbezogene Daten verarbeitet werden, Informationen dar\u00fcber anzufordern, ob sie verarbeitet wurden, Zugang zu personenbezogenen Gesundheitsdaten zu erhalten und diese anzufordern, zu erfahren, ob sie entsprechend dem Zweck verwendet werden, die Dritten zu erfahren, an die sie weitergegeben werden, die Berichtigung im Falle einer falschen Verarbeitung zu verlangen, die L\u00f6schung oder Vernichtung personenbezogener Daten zu verlangen, im Falle einer Verarbeitung die Berichtigung zu verlangen, die den weitergegebenen Dritten mitgeteilt wird, sich dem negativen Ergebnis der Analyse durch automatisierte Systeme zu widersetzen und den Ersatz des Schadens zu verlangen, der durch die unrechtm\u00e4\u00dfige Verarbeitung personenbezogener Daten entstanden ist.<\/li><li>Sie k\u00f6nnen Ihre oben beschriebenen Rechte in Anspruch nehmen, indem Sie sich mit einem Antrag an uns wenden. Ihr Antrag wird von uns sp\u00e4testens innerhalb von drei\u00dfig Tagen gepr\u00fcft, und das Ergebnis wird Ihnen mitgeteilt.<\/li><li><strong>Zustimmungserkl\u00e4rung: <\/strong>Ich bin dar\u00fcber informiert, dass ich die notwendigen Informationen erhalten habe, dass ich den Text gelesen und verstanden habe, dass meine hier angegebenen pers\u00f6nlichen Daten ohne jegliche Beeinflussung verarbeitet werden, Privater Dr. Ich akzeptiere, erkl\u00e4re und verpflichte mich, dass ich ausdr\u00fccklich der \u00dcbermittlung an die Handan K\u00f6ksal Poliklinik und die oben genannten nat\u00fcrlichen und juristischen Personen zustimme.<\/li><\/ol><p>\u00a0<\/p><p>\u00a0<\/p><p><strong>Datum:<\/strong><\/p><p><strong>Vorname und Nachname :<\/strong><\/p><p><strong>Unterschrift:<\/strong><\/p>\t\t\t\t\t\t\t\t<\/div>\n\t\t\t\t<\/div>\n\t\t\t\t\t<\/div>\n\t\t<\/div>\n\t\t\t\t\t<\/div>\n\t\t<\/section>\n\t\t\t\t<\/div>","protected":false},"excerpt":{"rendered":"<p>Privacy We collect information directly from you in a number of ways. One way is by using cookies. Cookies are small files of information that save and retrieve information about your visit to our site, such as how you entered our site, how you navigated through the site and what information was of interest to [&hellip;]<\/p>\n","protected":false},"author":1,"featured_media":0,"parent":0,"menu_order":2400,"comment_status":"closed","ping_status":"closed","template":"","meta":{"footnotes":""},"class_list":["post-3","page","type-page","status-publish","hentry"],"_links":{"self":[{"href":"https:\/\/istanbulhairinstitute.com\/de\/wp-json\/wp\/v2\/pages\/3","targetHints":{"allow":["GET"]}}],"collection":[{"href":"https:\/\/istanbulhairinstitute.com\/de\/wp-json\/wp\/v2\/pages"}],"about":[{"href":"https:\/\/istanbulhairinstitute.com\/de\/wp-json\/wp\/v2\/types\/page"}],"author":[{"embeddable":true,"href":"https:\/\/istanbulhairinstitute.com\/de\/wp-json\/wp\/v2\/users\/1"}],"replies":[{"embeddable":true,"href":"https:\/\/istanbulhairinstitute.com\/de\/wp-json\/wp\/v2\/comments?post=3"}],"version-history":[{"count":0,"href":"https:\/\/istanbulhairinstitute.com\/de\/wp-json\/wp\/v2\/pages\/3\/revisions"}],"wp:attachment":[{"href":"https:\/\/istanbulhairinstitute.com\/de\/wp-json\/wp\/v2\/media?parent=3"}],"curies":[{"name":"wp","href":"https:\/\/api.w.org\/{rel}","templated":true}]}}