{"id":3,"date":"2022-01-31T23:05:05","date_gmt":"2022-01-31T23:05:05","guid":{"rendered":"https:\/\/istanbulhairinstitute.com\/?page_id=3"},"modified":"2025-04-07T13:30:35","modified_gmt":"2025-04-07T13:30:35","slug":"politique-de-confidentialite","status":"publish","type":"page","link":"https:\/\/istanbulhairinstitute.com\/fr\/politique-de-confidentialite\/","title":{"rendered":"Vie priv\u00e9e"},"content":{"rendered":"<div data-elementor-type=\"wp-page\" data-elementor-id=\"3\" class=\"elementor elementor-3\" data-elementor-post-type=\"page\">\n\t\t\t\t\t\t<section class=\"elementor-section elementor-top-section elementor-element elementor-element-69d13aa elementor-section-boxed elementor-section-height-default elementor-section-height-default\" data-id=\"69d13aa\" data-element_type=\"section\" data-e-type=\"section\">\n\t\t\t\t\t\t<div class=\"elementor-container elementor-column-gap-default\">\n\t\t\t\t\t<div class=\"elementor-column elementor-col-100 elementor-top-column elementor-element elementor-element-7e27a2bd\" data-id=\"7e27a2bd\" data-element_type=\"column\" data-e-type=\"column\">\n\t\t\t<div class=\"elementor-widget-wrap elementor-element-populated\">\n\t\t\t\t\t\t<div class=\"elementor-element elementor-element-fb93eca elementor-widget elementor-widget-heading\" data-id=\"fb93eca\" data-element_type=\"widget\" data-e-type=\"widget\" data-widget_type=\"heading.default\">\n\t\t\t\t<div class=\"elementor-widget-container\">\n\t\t\t\t\t<h1 class=\"elementor-heading-title elementor-size-default\">Vie priv\u00e9e<\/h1>\t\t\t\t<\/div>\n\t\t\t\t<\/div>\n\t\t\t\t<div class=\"elementor-element elementor-element-414e1bc9 elementor-widget elementor-widget-text-editor\" data-id=\"414e1bc9\" data-element_type=\"widget\" data-e-type=\"widget\" data-widget_type=\"text-editor.default\">\n\t\t\t\t<div class=\"elementor-widget-container\">\n\t\t\t\t\t\t\t\t\t<p>Nous recueillons des informations directement aupr\u00e8s de vous de diff\u00e9rentes mani\u00e8res. L'une d'entre elles est l'utilisation de cookies. Les cookies sont de petits fichiers d'information qui enregistrent et r\u00e9cup\u00e8rent des informations sur votre visite sur notre site, comme la fa\u00e7on dont vous \u00eates entr\u00e9 sur notre site, la fa\u00e7on dont vous avez navigu\u00e9 sur le site et les informations qui vous ont int\u00e9ress\u00e9. En outre, si vous personnalisez la page d'accueil, nous stockons les informations que vous nous fournissez dans un cookie. Les cookies que nous utilisons vous identifient simplement comme un num\u00e9ro. (Si vous n'\u00eates pas \u00e0 l'aise avec l'utilisation des cookies, vous pouvez d\u00e9sactiver les cookies sur votre ordinateur en modifiant les param\u00e8tres dans le menu des pr\u00e9f\u00e9rences ou des options de votre navigateur Internet). Nous recueillons \u00e9galement des informations lorsque vous nous les communiquez. Par exemple, vous pouvez utiliser le lien \"Contact\". Lorsque nous recueillons ce type d'informations, elles peuvent \u00eatre utilis\u00e9es \u00e0 des fins de marketing de l'Institut du cheveu d'Istanbul. Les sites de bookmarking des m\u00e9dias sociaux auxquels le site Internet de l'Institut Coiffure Istanbul renvoie sont des sites tiers et le site Internet de l'Institut Coiffure Istanbul n'a aucun contr\u00f4le sur la mani\u00e8re dont ces sites utilisent vos informations. Si vous choisissez d'acc\u00e9der \u00e0 ces sites en utilisant les liens fournis, les op\u00e9rateurs de ces sites peuvent recueillir des informations aupr\u00e8s de vous qui peuvent \u00eatre utilis\u00e9es par eux conform\u00e9ment \u00e0 leur politique de confidentialit\u00e9, qui peut diff\u00e9rer de la n\u00f4tre. Nous vous conseillons de lire attentivement leurs politiques de confidentialit\u00e9 respectives pour savoir ce qu'il advient des informations collect\u00e9es par ces services lorsque vous les utilisez.<\/p>\t\t\t\t\t\t\t\t<\/div>\n\t\t\t\t<\/div>\n\t\t\t\t<div class=\"elementor-element elementor-element-4b1e3a9 elementor-widget elementor-widget-heading\" data-id=\"4b1e3a9\" data-element_type=\"widget\" data-e-type=\"widget\" data-widget_type=\"heading.default\">\n\t\t\t\t<div class=\"elementor-widget-container\">\n\t\t\t\t\t<h3 class=\"elementor-heading-title elementor-size-default\">Conformit\u00e9 \u00e0 la l\u00e9gislation et aux exigences \u00e9thiques<\/h3>\t\t\t\t<\/div>\n\t\t\t\t<\/div>\n\t\t\t\t<div class=\"elementor-element elementor-element-f63927a elementor-widget elementor-widget-text-editor\" data-id=\"f63927a\" data-element_type=\"widget\" data-e-type=\"widget\" data-widget_type=\"text-editor.default\">\n\t\t\t\t<div class=\"elementor-widget-container\">\n\t\t\t\t\t\t\t\t\t<p>Sur notre site web, nous veillons constamment \u00e0 ce que les informations que nous publions soient conformes \u00e0 la l\u00e9gislation turque et europ\u00e9enne en vigueur. Les d\u00e9cisions de publication sont prises apr\u00e8s une \u00e9valuation collective de la sensibilit\u00e9 de l'information, de son contexte, de son objectif et de la diffusion qu'elle aura ou pourrait avoir. Il est parfois difficile de d\u00e9terminer et de prendre en compte les besoins et la vie priv\u00e9e de l'individu, ou les int\u00e9r\u00eats du grand public \u00e0 publier l'information.<\/p>\t\t\t\t\t\t\t\t<\/div>\n\t\t\t\t<\/div>\n\t\t\t\t<div class=\"elementor-element elementor-element-a105fb8 elementor-widget elementor-widget-heading\" data-id=\"a105fb8\" data-element_type=\"widget\" data-e-type=\"widget\" data-widget_type=\"heading.default\">\n\t\t\t\t<div class=\"elementor-widget-container\">\n\t\t\t\t\t<h3 class=\"elementor-heading-title elementor-size-default\">Consentement \u00e0 la publication<\/h3>\t\t\t\t<\/div>\n\t\t\t\t<\/div>\n\t\t\t\t<div class=\"elementor-element elementor-element-cb49a40 elementor-widget elementor-widget-text-editor\" data-id=\"cb49a40\" data-element_type=\"widget\" data-e-type=\"widget\" data-widget_type=\"text-editor.default\">\n\t\t\t\t<div class=\"elementor-widget-container\">\n\t\t\t\t\t\t\t\t\t<p>Le nom, le poste, le num\u00e9ro de t\u00e9l\u00e9phone, l'adresse \u00e9lectronique et d'autres donn\u00e9es personnelles similaires li\u00e9es au travail peuvent normalement \u00eatre publi\u00e9s sur un site web sans le consentement de la personne enregistr\u00e9e.<\/p>\t\t\t\t\t\t\t\t<\/div>\n\t\t\t\t<\/div>\n\t\t\t\t<div class=\"elementor-element elementor-element-815e615 elementor-widget elementor-widget-heading\" data-id=\"815e615\" data-element_type=\"widget\" data-e-type=\"widget\" data-widget_type=\"heading.default\">\n\t\t\t\t<div class=\"elementor-widget-container\">\n\t\t\t\t\t<h3 class=\"elementor-heading-title elementor-size-default\">Photos sur Internet<\/h3>\t\t\t\t<\/div>\n\t\t\t\t<\/div>\n\t\t\t\t<div class=\"elementor-element elementor-element-d783801 elementor-widget elementor-widget-text-editor\" data-id=\"d783801\" data-element_type=\"widget\" data-e-type=\"widget\" data-widget_type=\"text-editor.default\">\n\t\t\t\t<div class=\"elementor-widget-container\">\n\t\t\t\t\t\t\t\t\t<p>Normalement, les photos qui contiennent des personnes sont consid\u00e9r\u00e9es comme un document personnel, m\u00eame si elles ne sont pas nomm\u00e9es dans le cadre de la publication de la photo. \u00c0 l'Istanbul Hair Institute\/ Dr Handan Koksal Clinic, nous obtenons toujours l'accord des personnes qui sont photographi\u00e9es dans le but d'\u00eatre publi\u00e9es sur notre site web.<\/p>\t\t\t\t\t\t\t\t<\/div>\n\t\t\t\t<\/div>\n\t\t\t\t<div class=\"elementor-element elementor-element-0674ae4 elementor-widget elementor-widget-heading\" data-id=\"0674ae4\" data-element_type=\"widget\" data-e-type=\"widget\" data-widget_type=\"heading.default\">\n\t\t\t\t<div class=\"elementor-widget-container\">\n\t\t\t\t\t<h3 class=\"elementor-heading-title elementor-size-default\">Formulaire de divulgation et de consentement concernant le traitement des donn\u00e9es \u00e0 caract\u00e8re personnel<\/h3>\t\t\t\t<\/div>\n\t\t\t\t<\/div>\n\t\t\t\t<div class=\"elementor-element elementor-element-f8e53f4 elementor-widget elementor-widget-text-editor\" data-id=\"f8e53f4\" data-element_type=\"widget\" data-e-type=\"widget\" data-widget_type=\"text-editor.default\">\n\t\t\t\t<div class=\"elementor-widget-container\">\n\t\t\t\t\t\t\t\t\t<p>Dans cette pr\u00e9sentation de services de sant\u00e9, nous traitons vos donn\u00e9es personnelles et votre consentement conform\u00e9ment \u00e0 la loi sur la protection des donn\u00e9es personnelles (loi) n\u00b0 6698 en tant que Dr. Handan K\u00f6ksal Polyclinic (\u0130mstc Medical Support Training and Organization Ltd. \u015eti.) La port\u00e9e du traitement des donn\u00e9es personnelles est l'enregistrement, le traitement, le stockage, la mise \u00e0 jour et le transfert des donn\u00e9es \u00e0 des tiers lorsque la l\u00e9gislation l'autorise, et nous aimerions vous informer de nos droits et obligations mutuels en vertu de la l\u00e9gislation :<\/p><ol><li><p>Toutes vos donn\u00e9es personnelles, y compris vos donn\u00e9es de sant\u00e9 (identit\u00e9, t\u00e9l\u00e9phone, adresse, num\u00e9ro d'assurance, maladies et donn\u00e9es similaires) sont n\u00e9cessaires \u00e0 l'\u00e9tablissement du contrat, \u00e0 la protection de la sant\u00e9 publique, \u00e0 la m\u00e9decine pr\u00e9ventive, aux services de diagnostic m\u00e9dical, de traitement et de soins, aux services de sant\u00e9 et \u00e0 la planification du financement et de sa gestion ; pour vous informer du rendez-vous si vous en prenez un ; pour satisfaire aux exigences l\u00e9gales et r\u00e9glementaires ; pour la facturation de nos services ; pour la confirmation de votre identit\u00e9 ; partager les informations demand\u00e9es avec le minist\u00e8re de la sant\u00e9 et d'autres institutions et organisations publiques conform\u00e9ment \u00e0 la l\u00e9gislation applicable ; partager les informations demand\u00e9es avec les compagnies d'assurance priv\u00e9es dans le cadre du financement des services de sant\u00e9 ; \u00eatre en mesure de r\u00e9pondre \u00e0 toutes vos questions et r\u00e9clamations concernant nos services de sant\u00e9 ; prendre toutes les mesures techniques et administratives n\u00e9cessaires dans le cadre de la s\u00e9curit\u00e9 des donn\u00e9es des syst\u00e8mes et des applications ; peuvent \u00eatre trait\u00e9es \u00e0 des fins de recherche et \u00e0 d'autres fins similaires. Vos donn\u00e9es personnelles sont trait\u00e9es dans le respect des r\u00e8gles de traitement des donn\u00e9es et de prescription pr\u00e9vues par la l\u00e9gislation relative \u00e0 la prestation de services de sant\u00e9.<\/p><\/li><li>Vos donn\u00e9es personnelles peuvent \u00eatre collect\u00e9es verbalement, par \u00e9crit ou \u00e9lectroniquement par le biais du site web, des m\u00e9dias sociaux, du centre d'appel, des applications mobiles et d'autres moyens similaires et peuvent \u00eatre conserv\u00e9es \u00e0 la fois dans un environnement num\u00e9rique et physique.<\/li><li>Vos donn\u00e9es personnelles collect\u00e9es, conform\u00e9ment aux principes de base stipul\u00e9s par la loi et dans les conditions et finalit\u00e9s de traitement des donn\u00e9es personnelles sp\u00e9cifi\u00e9es dans les articles 8 et 9 de la loi, et aux fins mentionn\u00e9es ci-dessus, notre polyclinique, le minist\u00e8re de la sant\u00e9, ses sous-unit\u00e9s et centres de m\u00e9decine familiale, les compagnies d'assurance priv\u00e9es (compagnies de sant\u00e9). Les compagnies d'assurance priv\u00e9es (compagnies de soins de sant\u00e9), les compagnies d'assurance-vie et d'assurance-pension, etc.), l'institution de s\u00e9curit\u00e9 sociale, la direction g\u00e9n\u00e9rale de la s\u00e9curit\u00e9 et d'autres organismes charg\u00e9s de l'application de la loi, la direction g\u00e9n\u00e9rale de la population, l'association des pharmaciens turcs, le bureau du procureur et les tribunaux, les laboratoires dans le pays ou \u00e0 l'\u00e9tranger avec lesquels nous coop\u00e9rons pour le diagnostic m\u00e9dical, les centres m\u00e9dicaux et les tiers fournissant des services de sant\u00e9, l'institution de sant\u00e9 \u00e0 laquelle le patient est adress\u00e9 ou que le patient lui-m\u00eame a sollicit\u00e9e, vos repr\u00e9sentants d\u00fbment autoris\u00e9s, les tiers dont nous recevons les conseils, les institutions de r\u00e9glementation et de contr\u00f4le et les autorit\u00e9s officielles, nos fournisseurs dont nous b\u00e9n\u00e9ficions des services ou avec lesquels nous coop\u00e9rons. Elles peuvent \u00eatre partag\u00e9es avec nos prestataires de services demandeurs dans le cadre des conditions et des finalit\u00e9s du traitement des donn\u00e9es \u00e0 caract\u00e8re personnel sp\u00e9cifi\u00e9es aux articles 8 et 9 de la loi.<\/li><li>\u00a0Dans notre polyclinique, des mesures techniques et administratives ad\u00e9quates et n\u00e9cessaires sont prises pour prot\u00e9ger vos donn\u00e9es personnelles trait\u00e9es lors de la prestation de services de sant\u00e9, conform\u00e9ment \u00e0 la l\u00e9gislation sur la protection des donn\u00e9es.<\/li><li>Concernant vos donn\u00e9es personnelles trait\u00e9es ; de savoir si des donn\u00e9es personnelles sont trait\u00e9es, de demander des informations \u00e0 leur sujet si elles ont \u00e9t\u00e9 trait\u00e9es, d'acc\u00e9der aux donn\u00e9es personnelles relatives \u00e0 la sant\u00e9 et de les demander, de savoir si elles sont utilis\u00e9es conform\u00e9ment \u00e0 leur finalit\u00e9, de conna\u00eetre les tiers auxquels elles sont transf\u00e9r\u00e9es, de demander la correction en cas de traitement erron\u00e9, de demander l'effacement ou la destruction des donn\u00e9es personnelles, En cas de traitement, vous avez le droit de demander que la correction soit notifi\u00e9e aux tiers transf\u00e9r\u00e9s, de vous opposer au r\u00e9sultat n\u00e9gatif de l'analyse par des syst\u00e8mes automatis\u00e9s, et de demander la r\u00e9paration du pr\u00e9judice subi en raison du traitement ill\u00e9gal des donn\u00e9es personnelles.<\/li><li>Vous pouvez faire usage des droits d\u00e9crits ci-dessus en nous adressant une demande. Nous examinerons votre demande dans un d\u00e9lai de trente jours au plus tard et le r\u00e9sultat vous sera communiqu\u00e9.<\/li><li><strong>D\u00e9claration de consentement : <\/strong>Je suis inform\u00e9(e) que les informations n\u00e9cessaires ont \u00e9t\u00e9 fournies, que j'ai lu et compris le texte, que mes donn\u00e9es personnelles sp\u00e9cifi\u00e9es ici sont trait\u00e9es sans aucune influence, Private Dr. J'accepte, d\u00e9clare et m'engage \u00e0 consentir express\u00e9ment \u00e0 leur transfert \u00e0 Handan K\u00f6ksal Polyclinic et aux personnes physiques et morales susmentionn\u00e9es.<\/li><\/ol><p>\u00a0<\/p><p>\u00a0<\/p><p><strong>Date :<\/strong><\/p><p><strong>Nom et pr\u00e9nom :<\/strong><\/p><p><strong>Signature :<\/strong><\/p>\t\t\t\t\t\t\t\t<\/div>\n\t\t\t\t<\/div>\n\t\t\t\t\t<\/div>\n\t\t<\/div>\n\t\t\t\t\t<\/div>\n\t\t<\/section>\n\t\t\t\t<\/div>","protected":false},"excerpt":{"rendered":"<p>Privacy We collect information directly from you in a number of ways. One way is by using cookies. Cookies are small files of information that save and retrieve information about your visit to our site, such as how you entered our site, how you navigated through the site and what information was of interest to [&hellip;]<\/p>\n","protected":false},"author":1,"featured_media":0,"parent":0,"menu_order":2400,"comment_status":"closed","ping_status":"closed","template":"","meta":{"footnotes":""},"class_list":["post-3","page","type-page","status-publish","hentry"],"_links":{"self":[{"href":"https:\/\/istanbulhairinstitute.com\/fr\/wp-json\/wp\/v2\/pages\/3","targetHints":{"allow":["GET"]}}],"collection":[{"href":"https:\/\/istanbulhairinstitute.com\/fr\/wp-json\/wp\/v2\/pages"}],"about":[{"href":"https:\/\/istanbulhairinstitute.com\/fr\/wp-json\/wp\/v2\/types\/page"}],"author":[{"embeddable":true,"href":"https:\/\/istanbulhairinstitute.com\/fr\/wp-json\/wp\/v2\/users\/1"}],"replies":[{"embeddable":true,"href":"https:\/\/istanbulhairinstitute.com\/fr\/wp-json\/wp\/v2\/comments?post=3"}],"version-history":[{"count":0,"href":"https:\/\/istanbulhairinstitute.com\/fr\/wp-json\/wp\/v2\/pages\/3\/revisions"}],"wp:attachment":[{"href":"https:\/\/istanbulhairinstitute.com\/fr\/wp-json\/wp\/v2\/media?parent=3"}],"curies":[{"name":"wp","href":"https:\/\/api.w.org\/{rel}","templated":true}]}}