{"id":3,"date":"2022-01-31T23:05:05","date_gmt":"2022-01-31T23:05:05","guid":{"rendered":"https:\/\/istanbulhairinstitute.com\/?page_id=3"},"modified":"2025-04-07T13:30:35","modified_gmt":"2025-04-07T13:30:35","slug":"informativa-sulla-privacy","status":"publish","type":"page","link":"https:\/\/istanbulhairinstitute.com\/it\/informativa-sulla-privacy\/","title":{"rendered":"La privacy"},"content":{"rendered":"<div data-elementor-type=\"wp-page\" data-elementor-id=\"3\" class=\"elementor elementor-3\" data-elementor-post-type=\"page\">\n\t\t\t\t\t\t<section class=\"elementor-section elementor-top-section elementor-element elementor-element-69d13aa elementor-section-boxed elementor-section-height-default elementor-section-height-default\" data-id=\"69d13aa\" data-element_type=\"section\" data-e-type=\"section\">\n\t\t\t\t\t\t<div class=\"elementor-container elementor-column-gap-default\">\n\t\t\t\t\t<div class=\"elementor-column elementor-col-100 elementor-top-column elementor-element elementor-element-7e27a2bd\" data-id=\"7e27a2bd\" data-element_type=\"column\" data-e-type=\"column\">\n\t\t\t<div class=\"elementor-widget-wrap elementor-element-populated\">\n\t\t\t\t\t\t<div class=\"elementor-element elementor-element-fb93eca elementor-widget elementor-widget-heading\" data-id=\"fb93eca\" data-element_type=\"widget\" data-e-type=\"widget\" data-widget_type=\"heading.default\">\n\t\t\t\t<div class=\"elementor-widget-container\">\n\t\t\t\t\t<h1 class=\"elementor-heading-title elementor-size-default\">La privacy<\/h1>\t\t\t\t<\/div>\n\t\t\t\t<\/div>\n\t\t\t\t<div class=\"elementor-element elementor-element-414e1bc9 elementor-widget elementor-widget-text-editor\" data-id=\"414e1bc9\" data-element_type=\"widget\" data-e-type=\"widget\" data-widget_type=\"text-editor.default\">\n\t\t\t\t<div class=\"elementor-widget-container\">\n\t\t\t\t\t\t\t\t\t<p>Raccogliamo informazioni direttamente dall'utente in diversi modi. Uno di questi \u00e8 l'utilizzo dei cookie. I cookie sono piccoli file di informazioni che salvano e recuperano informazioni sulla vostra visita al nostro sito, come ad esempio il modo in cui siete entrati nel nostro sito, come avete navigato all'interno del sito e quali informazioni vi hanno interessato. Inoltre, se si personalizza la homepage, le informazioni fornite vengono memorizzate in un cookie. I cookie utilizzati vi identificano semplicemente come un numero. (Se non vi sentite a vostro agio con l'uso dei cookie, potete disabilitarli sul vostro computer modificando le impostazioni nel menu delle preferenze o delle opzioni del vostro browser Internet). Raccogliamo informazioni anche quando ce le fornite. Ad esempio, potete utilizzare il link \"Contatti\". Quando raccogliamo questo tipo di informazioni, queste possono essere utilizzate per scopi di marketing dell'Istanbul Hair Institute. I siti di social media bookmarking a cui il sito web dell'Istanbul Hair Institute si collega sono siti di terzi e il sito web dell'Istanbul Hair Institute non ha alcun controllo sul modo in cui questi siti utilizzano le vostre informazioni. Se scegliete di accedere a questi siti utilizzando i link forniti, gli operatori di questi siti possono raccogliere informazioni da voi che possono essere utilizzate in conformit\u00e0 con la loro politica sulla privacy, che pu\u00f2 differire dalla nostra. L'utente dovrebbe leggere attentamente le rispettive politiche sulla privacy per scoprire cosa succede alle informazioni raccolte da questi servizi quando li utilizza.<\/p>\t\t\t\t\t\t\t\t<\/div>\n\t\t\t\t<\/div>\n\t\t\t\t<div class=\"elementor-element elementor-element-4b1e3a9 elementor-widget elementor-widget-heading\" data-id=\"4b1e3a9\" data-element_type=\"widget\" data-e-type=\"widget\" data-widget_type=\"heading.default\">\n\t\t\t\t<div class=\"elementor-widget-container\">\n\t\t\t\t\t<h3 class=\"elementor-heading-title elementor-size-default\">Conformit\u00e0 alla legislazione e ai requisiti etici<\/h3>\t\t\t\t<\/div>\n\t\t\t\t<\/div>\n\t\t\t\t<div class=\"elementor-element elementor-element-f63927a elementor-widget elementor-widget-text-editor\" data-id=\"f63927a\" data-element_type=\"widget\" data-e-type=\"widget\" data-widget_type=\"text-editor.default\">\n\t\t\t\t<div class=\"elementor-widget-container\">\n\t\t\t\t\t\t\t\t\t<p>Nel nostro sito web lavoriamo costantemente per assicurarci che le informazioni che pubblichiamo siano conformi alla legislazione turca ed europea in vigore. Le decisioni in merito alla pubblicazione vengono prese dopo una valutazione collettiva della sensibilit\u00e0 dell'informazione, del suo contesto, dello scopo e della diffusione che avr\u00e0 o potrebbe avere. A volte \u00e8 difficile determinare e considerare tra le esigenze individuali e la privacy, o gli interessi del pubblico in generale, la pubblicazione dell'informazione.<\/p>\t\t\t\t\t\t\t\t<\/div>\n\t\t\t\t<\/div>\n\t\t\t\t<div class=\"elementor-element elementor-element-a105fb8 elementor-widget elementor-widget-heading\" data-id=\"a105fb8\" data-element_type=\"widget\" data-e-type=\"widget\" data-widget_type=\"heading.default\">\n\t\t\t\t<div class=\"elementor-widget-container\">\n\t\t\t\t\t<h3 class=\"elementor-heading-title elementor-size-default\">Consenso alla pubblicazione<\/h3>\t\t\t\t<\/div>\n\t\t\t\t<\/div>\n\t\t\t\t<div class=\"elementor-element elementor-element-cb49a40 elementor-widget elementor-widget-text-editor\" data-id=\"cb49a40\" data-element_type=\"widget\" data-e-type=\"widget\" data-widget_type=\"text-editor.default\">\n\t\t\t\t<div class=\"elementor-widget-container\">\n\t\t\t\t\t\t\t\t\t<p>Il nome, la posizione, il numero di telefono, l'e-mail e altri dati personali simili relativi al lavoro possono normalmente essere pubblicati su un sito web senza il consenso dell'individuo registrato.<\/p>\t\t\t\t\t\t\t\t<\/div>\n\t\t\t\t<\/div>\n\t\t\t\t<div class=\"elementor-element elementor-element-815e615 elementor-widget elementor-widget-heading\" data-id=\"815e615\" data-element_type=\"widget\" data-e-type=\"widget\" data-widget_type=\"heading.default\">\n\t\t\t\t<div class=\"elementor-widget-container\">\n\t\t\t\t\t<h3 class=\"elementor-heading-title elementor-size-default\">Foto su Internet<\/h3>\t\t\t\t<\/div>\n\t\t\t\t<\/div>\n\t\t\t\t<div class=\"elementor-element elementor-element-d783801 elementor-widget elementor-widget-text-editor\" data-id=\"d783801\" data-element_type=\"widget\" data-e-type=\"widget\" data-widget_type=\"text-editor.default\">\n\t\t\t\t<div class=\"elementor-widget-container\">\n\t\t\t\t\t\t\t\t\t<p>Normalmente le foto che contengono persone sono considerate un record personale, anche se non vengono nominate in relazione alla pubblicazione della foto. All'Istanbul Hair Institute\/ Clinica Dr Handan Koksal, otteniamo sempre l'approvazione delle persone che vengono fotografate con l'intento di essere pubblicate sul nostro sito web.<\/p>\t\t\t\t\t\t\t\t<\/div>\n\t\t\t\t<\/div>\n\t\t\t\t<div class=\"elementor-element elementor-element-0674ae4 elementor-widget elementor-widget-heading\" data-id=\"0674ae4\" data-element_type=\"widget\" data-e-type=\"widget\" data-widget_type=\"heading.default\">\n\t\t\t\t<div class=\"elementor-widget-container\">\n\t\t\t\t\t<h3 class=\"elementor-heading-title elementor-size-default\">Modulo di informativa e consenso per il trattamento dei dati personali<\/h3>\t\t\t\t<\/div>\n\t\t\t\t<\/div>\n\t\t\t\t<div class=\"elementor-element elementor-element-f8e53f4 elementor-widget elementor-widget-text-editor\" data-id=\"f8e53f4\" data-element_type=\"widget\" data-e-type=\"widget\" data-widget_type=\"text-editor.default\">\n\t\t\t\t<div class=\"elementor-widget-container\">\n\t\t\t\t\t\t\t\t\t<p>In questa presentazione del servizio sanitario, trattiamo i vostri dati personali e il vostro consenso in linea con la legge sulla protezione dei dati personali (legge) n. 6698 come Dr. Handan K\u00f6ksal Polyclinic (\u0130mstc Medical Support Training and Organization Ltd. \u015eti.) L'ambito del trattamento dei dati personali \u00e8 la registrazione, l'elaborazione, la conservazione, l'aggiornamento e il trasferimento dei dati a terzi ove consentito dalla legislazione, e desideriamo informarvi sui nostri reciproci diritti e obblighi ai sensi della legislazione:<\/p><ol><li><p>Tutti i vostri dati personali, compresi quelli relativi alla salute (informazioni sull'identit\u00e0, telefono, indirizzo, numero di assicurazione, malattie e dati analoghi), sono necessari per la stipula del contratto, la tutela della salute pubblica, la medicina preventiva, la diagnosi medica, il trattamento e i servizi di assistenza, i servizi sanitari e la pianificazione del finanziamento e della sua gestione; per informarvi sull'appuntamento in caso di prenotazione; per soddisfare i requisiti legali e normativi; per la fatturazione dei nostri servizi; per confermare la vostra identit\u00e0; condividere le informazioni richieste con il Ministero della Salute e con altre istituzioni e organizzazioni pubbliche in conformit\u00e0 con la legislazione in materia; condividere le informazioni richieste con compagnie assicurative private nell'ambito del finanziamento dei servizi sanitari; essere in grado di rispondere a tutte le vostre domande e reclami sui nostri servizi sanitari; adottare tutte le misure tecniche e amministrative necessarie nell'ambito della sicurezza dei dati dei sistemi e delle applicazioni; possono essere trattati per scopi di ricerca e simili. I vostri dati personali sono trattati nel rispetto delle norme sul trattamento dei dati e dei termini di prescrizione previsti dalla legislazione in materia di fornitura di servizi sanitari.<\/p><\/li><li>I vostri dati personali possono essere raccolti verbalmente, per iscritto o elettronicamente attraverso il sito web, i social media, il call center, le applicazioni mobili e mezzi simili e possono essere conservati sia in ambiente digitale che fisico.<\/li><li>I vostri dati personali raccolti, in conformit\u00e0 con i principi fondamentali stabiliti dalla Legge e nell'ambito delle condizioni e finalit\u00e0 di trattamento dei dati personali specificate negli articoli 8 e 9 della Legge, e per le finalit\u00e0 sopra menzionate, il nostro policlinico, il Ministero della Salute, le sue sottounit\u00e0 e i centri di medicina di famiglia, le compagnie di assicurazione private (aziende sanitarie). , assicurazioni pensionistiche e sulla vita, ecc.), l'Istituto di previdenza sociale, la Direzione generale della sicurezza e altre forze dell'ordine, la Direzione generale della popolazione, l'Associazione turca dei farmacisti, l'ufficio del pubblico ministero e i tribunali, i laboratori nel Paese o all'estero con cui collaboriamo per la diagnosi medica, i centri medici e i terzi che forniscono servizi sanitari, l'istituzione sanitaria a cui il paziente \u00e8 stato indirizzato o il paziente stesso ha fatto richiesta, i vostri rappresentanti debitamente autorizzati, i terzi da cui riceviamo consulenza, le istituzioni di regolamentazione e di controllo e le autorit\u00e0 ufficiali, i nostri fornitori dei cui servizi beneficiamo o con cui collaboriamo, Pu\u00f2 essere condiviso con i nostri fornitori di servizi di richiesta nell'ambito delle condizioni di trattamento dei dati personali e delle finalit\u00e0 specificate negli articoli 8 e 9 della Legge.<\/li><li>\u00a0Nel nostro policlinico vengono adottate le misure tecniche e amministrative adeguate e necessarie per proteggere i vostri dati personali trattati durante la fornitura di servizi sanitari, in conformit\u00e0 con la legislazione sulla protezione dei dati.<\/li><li>Per quanto riguarda i vostri dati personali trattati; di sapere se i dati personali sono trattati, di richiedere informazioni su di essi se sono stati trattati, di accedere e richiedere i dati sanitari personali, di sapere se sono utilizzati in conformit\u00e0 con lo scopo, di conoscere i terzi a cui sono trasferiti, di richiedere la rettifica in caso di trattamento errato, di richiedere la cancellazione o la distruzione dei dati personali, In caso di trattamento, avete il diritto di richiedere la rettifica da notificare ai terzi trasferiti, di opporvi al risultato negativo dell'analisi attraverso sistemi automatizzati, e di richiedere il risarcimento del danno subito a causa del trattamento illegale dei dati personali.<\/li><li>Potete avvalervi dei diritti sopra descritti rivolgendovi a noi con una petizione. La vostra richiesta sar\u00e0 valutata da noi entro e non oltre trenta giorni e il risultato vi sar\u00e0 comunicato.<\/li><li><strong>Dichiarazione di consenso: <\/strong>Sono informato che sono state fornite le informazioni necessarie, che ho letto e compreso il testo, che i miei dati personali qui specificati sono trattati senza alcuna influenza, Privato Dr. Accetto, dichiaro e mi impegno ad acconsentire espressamente al loro trasferimento al Policlinico Handan K\u00f6ksal e alle persone reali e giuridiche sopra menzionate.<\/li><\/ol><p>\u00a0<\/p><p>\u00a0<\/p><p><strong>Data:<\/strong><\/p><p><strong>Nome e cognome :<\/strong><\/p><p><strong>Firma :<\/strong><\/p>\t\t\t\t\t\t\t\t<\/div>\n\t\t\t\t<\/div>\n\t\t\t\t\t<\/div>\n\t\t<\/div>\n\t\t\t\t\t<\/div>\n\t\t<\/section>\n\t\t\t\t<\/div>","protected":false},"excerpt":{"rendered":"<p>Privacy We collect information directly from you in a number of ways. One way is by using cookies. Cookies are small files of information that save and retrieve information about your visit to our site, such as how you entered our site, how you navigated through the site and what information was of interest to [&hellip;]<\/p>\n","protected":false},"author":1,"featured_media":0,"parent":0,"menu_order":2400,"comment_status":"closed","ping_status":"closed","template":"","meta":{"footnotes":""},"class_list":["post-3","page","type-page","status-publish","hentry"],"_links":{"self":[{"href":"https:\/\/istanbulhairinstitute.com\/it\/wp-json\/wp\/v2\/pages\/3","targetHints":{"allow":["GET"]}}],"collection":[{"href":"https:\/\/istanbulhairinstitute.com\/it\/wp-json\/wp\/v2\/pages"}],"about":[{"href":"https:\/\/istanbulhairinstitute.com\/it\/wp-json\/wp\/v2\/types\/page"}],"author":[{"embeddable":true,"href":"https:\/\/istanbulhairinstitute.com\/it\/wp-json\/wp\/v2\/users\/1"}],"replies":[{"embeddable":true,"href":"https:\/\/istanbulhairinstitute.com\/it\/wp-json\/wp\/v2\/comments?post=3"}],"version-history":[{"count":0,"href":"https:\/\/istanbulhairinstitute.com\/it\/wp-json\/wp\/v2\/pages\/3\/revisions"}],"wp:attachment":[{"href":"https:\/\/istanbulhairinstitute.com\/it\/wp-json\/wp\/v2\/media?parent=3"}],"curies":[{"name":"wp","href":"https:\/\/api.w.org\/{rel}","templated":true}]}}